{"id":115,"date":"2024-03-25T15:46:05","date_gmt":"2024-03-25T15:46:05","guid":{"rendered":"https:\/\/www.eurequia.com\/?page_id=115"},"modified":"2024-03-28T14:09:55","modified_gmt":"2024-03-28T14:09:55","slug":"contacta-con-eurequia","status":"publish","type":"page","link":"https:\/\/www.eurequia.com\/index.php\/contacta-con-eurequia\/","title":{"rendered":"Contacta con E\u00fcrequia"},"content":{"rendered":"\n<p><strong>\u00bfEst\u00e1s leyendo el libro y hay alguna duda que te surja, y quieres resolver? \u00bfTe gustar\u00eda formarte y certificarte en las leyes e\u00fcrequias? \u00bfO ense\u00f1ar a los equipos de tu empresa a utilizarlas, y multiplicar as\u00ed su capacidad creativa y de innovaci\u00f3n?<\/strong><\/p>\n\n\n\n<h3 class=\"wp-block-heading\"><strong>\u00a1Escribe en nuestro formulario y dinos en qu\u00e9 podemos ayudarte!<\/strong><\/h3>\n\n\n\n<p>Como vas a dejarnos tus datos, te mostramos esta informaci\u00f3n que debes saber y con la que cumplimos con el RGPD (Reglamento General de Protecci\u00f3n de datos).<\/p>\n\n\n\n<p><strong>Responsable del tratamiento de tus datos: <\/strong>Cuello de Jirafa S.L<\/p>\n\n\n\n<p>\ud83d\udcb3 <strong>CIF:<\/strong> B86577723<\/p>\n\n\n\n<p>\ud83c\udfe0 <strong>Domicilio social:<\/strong> C\/ Bravo Murillo, n\u00ba 14. 28015, Madrid.<\/p>\n\n\n\n<p>\ud83d\udcbb <strong>Actividad:<\/strong> Formaci\u00f3n, generaci\u00f3n de contenidos y servicios de consultor\u00eda.<\/p>\n\n\n\n<p>\u2709\ufe0f <strong>Correo electr\u00f3nico para comunicaciones:<\/strong> hola@eurequia.com<\/p>\n\n\n\n<ul class=\"wp-block-list\">\n<li><strong>Finalidad: <\/strong>Poder contestar a las preguntas y consultas que nos hagas a partir de ahora. Y hacerte llegar, a trav\u00e9s de correo electr\u00f3nico, newsletter y tel\u00e9fono, informaci\u00f3n sobre nuestros cursos, servicios y otros eventos o contenidos relacionados con Design Thinking, innovaci\u00f3n y emprendimiento.<\/li>\n\n\n\n<li><strong>Legitimaci\u00f3n: <\/strong>Necesitamos tu consentimiento para poder almacenar tus datos con este fin.<\/li>\n\n\n\n<li><strong>Destinatarios \u00bb <\/strong>tus datos se guardar\u00e1n en Raiola Networks S.L, nuestro proveedor de email y hosting, y que tambi\u00e9n cumple con el RGPD.<\/li>\n\n\n\n<li><strong>Derechos \u00bb <\/strong>Puedes acceder, rectificar, limitar y suprimir tus datos cuando lo consideres oportuno.<\/li>\n<\/ul>\n\n\n\n<h3 class=\"wp-block-heading\">\u00a1CONTACTA!<\/h3>\n\n\n\n<div class=\"wpcf7 no-js\" id=\"wpcf7-f114-o1\" lang=\"es-ES\" dir=\"ltr\">\n<div class=\"screen-reader-response\"><p role=\"status\" aria-live=\"polite\" aria-atomic=\"true\"><\/p> <ul><\/ul><\/div>\n<form action=\"\/index.php\/wp-json\/wp\/v2\/pages\/115#wpcf7-f114-o1\" method=\"post\" class=\"wpcf7-form init\" aria-label=\"Formulario de contacto\" novalidate=\"novalidate\" data-status=\"init\">\n<div style=\"display: none;\">\n<input type=\"hidden\" name=\"_wpcf7\" value=\"114\" \/>\n<input type=\"hidden\" name=\"_wpcf7_version\" value=\"5.9.3\" \/>\n<input type=\"hidden\" name=\"_wpcf7_locale\" value=\"es_ES\" \/>\n<input type=\"hidden\" name=\"_wpcf7_unit_tag\" value=\"wpcf7-f114-o1\" \/>\n<input type=\"hidden\" name=\"_wpcf7_container_post\" value=\"0\" \/>\n<input type=\"hidden\" name=\"_wpcf7_posted_data_hash\" value=\"\" \/>\n<\/div>\n<p><label> Nombre (requerido)<br \/>\n<span class=\"wpcf7-form-control-wrap\" data-name=\"your-name\"><input size=\"40\" class=\"wpcf7-form-control wpcf7-text wpcf7-validates-as-required\" aria-required=\"true\" aria-invalid=\"false\" value=\"\" type=\"text\" name=\"your-name\" \/><\/span> <\/label>\n<\/p>\n<p><label> Tu correo electr\u00f3nico (requerido)<br \/>\n<span class=\"wpcf7-form-control-wrap\" data-name=\"your-email\"><input size=\"40\" class=\"wpcf7-form-control wpcf7-email wpcf7-validates-as-required wpcf7-text wpcf7-validates-as-email\" aria-required=\"true\" aria-invalid=\"false\" value=\"\" type=\"email\" name=\"your-email\" \/><\/span> <\/label>\n<\/p>\n<p><label> Asunto (requerido)<br \/>\n<span class=\"wpcf7-form-control-wrap\" data-name=\"your-subject\"><input size=\"40\" class=\"wpcf7-form-control wpcf7-text wpcf7-validates-as-required\" aria-required=\"true\" aria-invalid=\"false\" value=\"\" type=\"text\" name=\"your-subject\" \/><\/span> <\/label>\n<\/p>\n<p><label> Mensaje<br \/>\n<span class=\"wpcf7-form-control-wrap\" data-name=\"your-message\"><textarea cols=\"40\" rows=\"10\" class=\"wpcf7-form-control wpcf7-textarea\" aria-invalid=\"false\" name=\"your-message\"><\/textarea><\/span> <\/label>\n<\/p>\n<p><label> Demuestra que no eres un robot <input type=\"hidden\" name=\"_wpcf7_captcha_challenge_captcha-1\" value=\"1499557081\" \/><img loading=\"lazy\" decoding=\"async\" class=\"wpcf7-form-control wpcf7-captchac wpcf7-captcha-captcha-1\" width=\"72\" height=\"24\" alt=\"captcha\" src=\"https:\/\/www.eurequia.com\/wp-content\/uploads\/wpcf7_captcha\/1499557081.png\" \/> <span class=\"wpcf7-form-control-wrap\" data-name=\"captcha-1\"><input size=\"40\" class=\"wpcf7-form-control wpcf7-captchar\" autocomplete=\"off\" aria-invalid=\"false\" value=\"\" type=\"text\" name=\"captcha-1\" \/><\/span> <label><br \/>\n<label> <span class=\"wpcf7-form-control-wrap\" data-name=\"Aceptacin\"><span class=\"wpcf7-form-control wpcf7-acceptance\"><span class=\"wpcf7-list-item\"><input type=\"checkbox\" name=\"Aceptacin\" value=\"1\" aria-invalid=\"false\" \/><\/span><\/span><\/span> <small> He le\u00eddo y acepto la <a target=\"_blank\" <a href=http:\/\/designthinkingespa\u00f1a.com\/politica-de-privacidad\/>pol\u00edtica de privacidad <a target=\"_blank\" <a href=http:\/\/designthinkingespa\u00f1a.com\/aviso-legal\/> y el aviso legal <label><br \/>\n<input class=\"wpcf7-form-control wpcf7-submit has-spinner\" type=\"submit\" value=\"Enviar\" \/><\/label><\/a><\/a><\/small><\/label><\/label><\/label>\n<\/p><div class=\"wpcf7-response-output\" aria-hidden=\"true\"><\/div>\n<\/form>\n<\/div>\n\n","protected":false},"excerpt":{"rendered":"<p>\u00bfEst\u00e1s leyendo el libro y hay alguna duda que te surja, y quieres resolver? \u00bfTe gustar\u00eda formarte y certificarte en las leyes e\u00fcrequias? \u00bfO ense\u00f1ar a los equipos de tu empresa a utilizarlas, y multiplicar as\u00ed su capacidad creativa y de innovaci\u00f3n? \u00a1Escribe en nuestro &hellip; <\/p>\n","protected":false},"author":1,"featured_media":0,"parent":0,"menu_order":0,"comment_status":"closed","ping_status":"closed","template":"","meta":{"om_disable_all_campaigns":false,"_monsterinsights_skip_tracking":false,"_monsterinsights_sitenote_active":false,"_monsterinsights_sitenote_note":"","_monsterinsights_sitenote_category":0,"footnotes":""},"class_list":["post-115","page","type-page","status-publish","hentry"],"aioseo_notices":[],"_links":{"self":[{"href":"https:\/\/www.eurequia.com\/index.php\/wp-json\/wp\/v2\/pages\/115","targetHints":{"allow":["GET"]}}],"collection":[{"href":"https:\/\/www.eurequia.com\/index.php\/wp-json\/wp\/v2\/pages"}],"about":[{"href":"https:\/\/www.eurequia.com\/index.php\/wp-json\/wp\/v2\/types\/page"}],"author":[{"embeddable":true,"href":"https:\/\/www.eurequia.com\/index.php\/wp-json\/wp\/v2\/users\/1"}],"replies":[{"embeddable":true,"href":"https:\/\/www.eurequia.com\/index.php\/wp-json\/wp\/v2\/comments?post=115"}],"version-history":[{"count":6,"href":"https:\/\/www.eurequia.com\/index.php\/wp-json\/wp\/v2\/pages\/115\/revisions"}],"predecessor-version":[{"id":127,"href":"https:\/\/www.eurequia.com\/index.php\/wp-json\/wp\/v2\/pages\/115\/revisions\/127"}],"wp:attachment":[{"href":"https:\/\/www.eurequia.com\/index.php\/wp-json\/wp\/v2\/media?parent=115"}],"curies":[{"name":"wp","href":"https:\/\/api.w.org\/{rel}","templated":true}]}}