{"id":77,"date":"2024-03-20T16:26:30","date_gmt":"2024-03-20T16:26:30","guid":{"rendered":"https:\/\/www.eurequia.com\/?page_id=77"},"modified":"2024-03-25T15:52:02","modified_gmt":"2024-03-25T15:52:02","slug":"sobre-el-autor-de-eurequia","status":"publish","type":"page","link":"https:\/\/www.eurequia.com\/index.php\/sobre-el-autor-de-eurequia\/","title":{"rendered":"Sobre el autor de E\u00fcrequia"},"content":{"rendered":"<div id=\"sp-page\" class=\"spBgcover sp-content-4\" style=\"background-color: rgb(82, 35, 63); font-family: Roboto, sans-serif; font-weight: 400;\">\n<section id=\"sp-ks8a8s\" data-mobile-visibility=\"#sp-ks8a8s|false\" data-tablet-visibility=\"#sp-ks8a8s|false\" data-desktop-visibility=\"#sp-ks8a8s|false\" data-mobile-css=\"\" data-tablet-css=\"\" class=\"sp-el-section \" style=\"background-color: rgb(255, 255, 255); width: 650px; max-width: 100%; padding: 0px;\">\n<div id=\"sp-htode9\" data-mobile-visibility=\"#sp-htode9|false\" data-tablet-visibility=\"#sp-htode9|false\" data-desktop-visibility=\"#sp-htode9|false\" data-mobile-css=\"\" data-tablet-css=\"\" class=\"sp-el-row sm:sp-flex sp-w-full  sp-m-auto sp-justify-between\" style=\"padding: 0px; width: auto; max-width: 1000px;\">\n<div id=\"sp-qv2oyr\" data-mobile-visibility=\"#sp-qv2oyr|false\" data-tablet-visibility=\"#sp-qv2oyr|false\" data-desktop-visibility=\"#sp-qv2oyr|false\" data-mobile-css=\"\" data-tablet-css=\"\" class=\"sp-el-col  sp-w-full\" style=\"width: calc(100% - 0px); padding: 0px;\">\n<style type=\"text\/css\">\n      #sp-qv2oyr .sp-col-top .seedprod-shape-fill {fill: undefined;} #sp-qv2oyr .sp-col-top svg {width: undefined%;height: undefinedpx;transform: translateX(-50%);} #sp-qv2oyr .sp-col-bottom .seedprod-shape-fill {fill: undefined;} #sp-qv2oyr .sp-col-bottom svg {width: undefined%;height: undefinedpx;transform: translateX(-50%);}\n    <\/style>\n<div class=\"sp-col-shape sp-col-top\" style=\"z-index: 0;\">\n<div><\/div>\n<\/div>\n<div class=\"sp-col-shape sp-col-bottom\" style=\"z-index: 0;\">\n<div><\/div>\n<\/div>\n<div id=\"sp-g4kh6v\" data-mobile-css=\"#sp-g4kh6v|height:40px;\" data-tablet-css=\"#sp-g4kh6v|height:10px;\" class=\"sp-spacer\" style=\"height: 22px;\"><\/div>\n<h1 id=\"sp-tj7x44\" data-mobile-css=\".sp-headline-block-tj7x44, #sp-tj7x44, #tj7x44|text-align:center;\" data-tablet-css=\".sp-headline-block-tj7x44, #sp-tj7x44, #tj7x44|text-align:center;\" data-mobile-visibility=\".sp-headline-block-tj7x44|false\" data-tablet-visibility=\".sp-headline-block-tj7x44|false\" data-desktop-visibility=\".sp-headline-block-tj7x44|false\" class=\"sp-css-target sp-el-block sp-headline-block-tj7x44 sp-type-header\" style=\"font-size: 46px; font-weight: bold; font-family: 'Roboto Condensed'; text-align: center; margin: 0px;\">Sa\u00fal Loriente Rodr\u00edguez<\/h1>\n<\/div>\n<\/div>\n<div id=\"sp-tnvfqf\" data-mobile-visibility=\"#sp-tnvfqf|false\" data-tablet-visibility=\"#sp-tnvfqf|false\" data-desktop-visibility=\"#sp-tnvfqf|false\" data-mobile-css=\"\" data-tablet-css=\"\" class=\"sp-el-row sm:sp-flex sp-w-full  sp-m-auto sp-justify-between\" style=\"padding: 0px; width: auto; max-width: 1000px;\">\n<div id=\"sp-mbpl1j\" data-mobile-visibility=\"#sp-mbpl1j|false\" data-tablet-visibility=\"#sp-mbpl1j|false\" data-desktop-visibility=\"#sp-mbpl1j|false\" data-mobile-css=\"\" data-tablet-css=\"\" class=\"sp-el-col  sp-w-full\" style=\"width: calc(100% - 0px); padding: 0px;\">\n<style type=\"text\/css\">\n      #sp-mbpl1j .sp-col-top .seedprod-shape-fill {fill: undefined;} #sp-mbpl1j .sp-col-top svg {width: undefined%;height: undefinedpx;transform: translateX(-50%);} #sp-mbpl1j .sp-col-bottom .seedprod-shape-fill {fill: undefined;} #sp-mbpl1j .sp-col-bottom svg {width: undefined%;height: undefinedpx;transform: translateX(-50%);}\n    <\/style>\n<div class=\"sp-col-shape sp-col-top\" style=\"z-index: 0;\">\n<div><\/div>\n<\/div>\n<div class=\"sp-col-shape sp-col-bottom\" style=\"z-index: 0;\">\n<div><\/div>\n<\/div>\n<h2 id=\"sp-b0e702\" data-mobile-css=\".sp-headline-block-b0e702, #sp-b0e702, #b0e702|text-align:center;\" data-tablet-css=\".sp-headline-block-b0e702, #sp-b0e702, #b0e702|text-align:center;\" data-mobile-visibility=\".sp-headline-block-b0e702|false\" data-tablet-visibility=\".sp-headline-block-b0e702|false\" data-desktop-visibility=\".sp-headline-block-b0e702|false\" class=\"sp-css-target sp-el-block sp-headline-block-b0e702 sp-type-header\" style=\"font-size: 20px; font-family: 'Helvetica Neue', Arial, sans-serif; text-align: center; margin: 0px;\">Conferenciante, formador y director en Design Thinking Espa\u00f1a<\/h2>\n<div id=\"sp-xdtpp9\" data-mobile-css=\"#sp-xdtpp9|height:40px;\" data-tablet-css=\"#sp-xdtpp9|height:10px;\" class=\"sp-spacer\" style=\"height: 22px;\"><\/div>\n<figure id=\"sp-h4metq\" data-mobile-css=\"#sp-h4metq|text-align:center;\" data-tablet-css=\"#sp-h4metq|text-align:center;\" class=\"sp-image-wrapper sp-el-block\" style=\"margin: 0px; padding: 0px; text-align: center;\">\n<div><span><img loading=\"lazy\" decoding=\"async\" src=\"https:\/\/www.eurequia.com\/wp-content\/uploads\/2024\/03\/Foto-personal-en-calidad-ajustada.png\" alt=\"\" width=\"1344\" height=\"1444\" data-mobile-visibility=\".sp-image-block-h4metq|false\" data-tablet-visibility=\".sp-image-block-h4metq|false\" data-desktop-visibility=\".sp-image-block-h4metq|false\" srcset=\" https:\/\/www.eurequia.com\/wp-content\/uploads\/2024\/03\/Foto-personal-en-calidad-ajustada-150x150.png 150w, https:\/\/www.eurequia.com\/wp-content\/uploads\/2024\/03\/Foto-personal-en-calidad-ajustada-279x300.png 279w, https:\/\/www.eurequia.com\/wp-content\/uploads\/2024\/03\/Foto-personal-en-calidad-ajustada-953x1024.png 750w, https:\/\/www.eurequia.com\/wp-content\/uploads\/2024\/03\/Foto-personal-en-calidad-ajustada.png 1344w\" class=\"sp-image-block-h4metq\" style=\"width: 1344px;\"><\/span><\/div>\n<\/figure>\n<\/div>\n<\/div>\n<div id=\"sp-vw3kvy\" data-mobile-visibility=\"#sp-vw3kvy|false\" data-tablet-visibility=\"#sp-vw3kvy|false\" data-desktop-visibility=\"#sp-vw3kvy|false\" data-mobile-css=\"\" data-tablet-css=\"\" class=\"sp-el-row sm:sp-flex sp-w-full  sp-m-auto sp-justify-between\" style=\"padding: 10px 40px; width: auto; max-width: 1000px;\">\n<div id=\"sp-w2woik\" data-mobile-visibility=\"#sp-w2woik|false\" data-tablet-visibility=\"#sp-w2woik|false\" data-desktop-visibility=\"#sp-w2woik|false\" data-mobile-css=\"\" data-tablet-css=\"\" class=\"sp-el-col  sp-w-full\" style=\"width: calc(100% - 0px);\">\n<style type=\"text\/css\">\n      #sp-w2woik .sp-col-top .seedprod-shape-fill {fill: undefined;} #sp-w2woik .sp-col-top svg {width: undefined%;height: undefinedpx;transform: translateX(-50%);} #sp-w2woik .sp-col-bottom .seedprod-shape-fill {fill: undefined;} #sp-w2woik .sp-col-bottom svg {width: undefined%;height: undefinedpx;transform: translateX(-50%);}\n    <\/style>\n<div class=\"sp-col-shape sp-col-top\" style=\"z-index: 0;\">\n<div><\/div>\n<\/div>\n<div class=\"sp-col-shape sp-col-bottom\" style=\"z-index: 0;\">\n<div><\/div>\n<\/div>\n<div id=\"sp-of9ui9\" data-mobile-css=\".sp-text-wrapper-of9ui9, #sp-of9ui9, #of9ui9|text-align:left;\" data-tablet-css=\".sp-text-wrapper-of9ui9, #sp-of9ui9, #of9ui9|text-align:left;\" data-mobile-visibility=\".sp-text-wrapper-of9ui9|false\" data-tablet-visibility=\".sp-text-wrapper-of9ui9|false\" data-desktop-visibility=\".sp-text-wrapper-of9ui9|false\" class=\"sp-css-target sp-text-wrapper sp-el-block sp-text-wrapper-of9ui9\" style=\"font-size: 20px; margin: 0px; text-align: left;\">\n<p>Sa\u00fal Loriente Rodr\u00edguez es el autor de E\u00fcrequia, la ciudad de las ideas. Es tambi\u00e9n director de Design Thinking Espa\u00f1a, y ha volcado en este libro el conocimiento y experiencia adquirida durante a\u00f1os trabajando con procesos de creatividad e innovaci\u00f3n.<\/p>\n<p>&nbsp;<\/p>\n<p>Sa\u00fal es conferenciante y formador en creatividad e innovaci\u00f3n. En Design Thinking Espa\u00f1a, dise\u00f1a y facilita talleres y eventos con esta metodolog\u00eda como protagonista. Es tambi\u00e9n profesor de Design Thinking en distintas universidades y escuelas de negocio como Universidad Pompeu de Fabra y Esade.<\/p>\n<p>&nbsp;<\/p>\n<p>Durante sus m\u00e1s diecis\u00e9is a\u00f1os de carrera vinculados a la creatividad, la innovaci\u00f3n y el emprendimiento, ha desarrollado h\u00e1bitos y dise\u00f1ado herramientas que ahora comparte contigo. Su propuesta, que pasa por combinarlas y hacerlas tuyas, es una invitaci\u00f3n a atreverse a pensar diferente, a contar con recursos para reducir el riesgo y a combinar nuestro lado creativo con el racional para as\u00ed conseguir los resultados que buscamos.<\/p>\n<p>&nbsp;<\/p>\n<p>Puedes encontrar a Sa\u00fal en distintos art\u00edculos sobre creatividad e innovaci\u00f3n en El Pa\u00eds, BBC News o El Espa\u00f1ol. Tambi\u00e9n en los enlaces que encontrar\u00e1s a continuaci\u00f3n.<\/p>\n<p>&nbsp;<\/p>\n<p>\u00a1No dejes de preguntarle cualquier duda escribiendo a trav\u00e9s del formulario de E\u00fcrequia!<\/p>\n<\/div>\n<div id=\"sp-button-parent-tkbria\" data-mobile-css=\"#sp-button-parent-tkbria|text-align:center;\" data-tablet-css=\"#sp-button-parent-tkbria|text-align:center;\" class=\"sp-button-wrapper sp-el-block\" style=\"margin: 0px; text-align: center;\"><a href=\"\" id=\"sp-tkbria\" data-mobile-css=\"\" data-tablet-css=\"\" data-mobile-visibility=\".sp-button-tkbria|false\" data-tablet-visibility=\".sp-button-tkbria|false\" data-desktop-visibility=\".sp-button-tkbria|false\" target=\"\" rel=\"noopener\" class=\"sp-button sp-css-target sp-text-center sp-inline-block sp-leading-none sp-button-tkbria\" style=\"font-size: 22px; background: rgb(17, 158, 149); color: rgb(255, 255, 255); width: auto; padding: 16px 20px; font-weight: bold;\"><span style=\"font-family: 'Helvetica Neue', Arial, sans-serif;\">Escr\u00edbele un correo<\/span><\/a><\/div>\n<div id=\"sp-button-parent-x8k68c\" data-mobile-css=\"#sp-button-parent-x8k68c|text-align:center;\" data-tablet-css=\"#sp-button-parent-x8k68c|text-align:center;\" class=\"sp-button-wrapper sp-el-block\" style=\"margin: 0px; text-align: center;\"><a href=\"https:\/\/www.linkedin.com\/in\/sa%C3%BAl-loriente-rodr%C3%ADguez-813ba15b\/?originalSubdomain=es\" id=\"sp-x8k68c\" data-mobile-css=\"\" data-tablet-css=\"\" data-mobile-visibility=\".sp-button-x8k68c|false\" data-tablet-visibility=\".sp-button-x8k68c|false\" data-desktop-visibility=\".sp-button-x8k68c|false\" target=\"\" rel=\"noopener\" class=\"sp-button sp-css-target sp-text-center sp-inline-block sp-leading-none sp-button-x8k68c\" style=\"font-size: 22px; background: rgb(16, 97, 148); color: rgb(255, 255, 255); width: auto; padding: 16px 20px; font-weight: bold;\"><span style=\"font-family: 'Helvetica Neue', Arial, sans-serif;\">Encu\u00e9ntralo en Linkedin<\/span><\/a><\/div>\n<\/div>\n<\/div>\n<\/section>\n<\/div>\n","protected":false},"excerpt":{"rendered":"<p>Sa\u00fal Loriente Rodr\u00edguez Conferenciante, formador y director en Design Thinking Espa\u00f1a Sa\u00fal Loriente Rodr\u00edguez es el autor de E\u00fcrequia, la ciudad de las ideas. Es tambi\u00e9n director de Design Thinking Espa\u00f1a, y ha volcado en este libro el conocimiento y experiencia adquirida durante a\u00f1os trabajando &hellip; <\/p>\n","protected":false},"author":1,"featured_media":0,"parent":0,"menu_order":0,"comment_status":"closed","ping_status":"closed","template":"","meta":{"om_disable_all_campaigns":false,"_monsterinsights_skip_tracking":false,"_monsterinsights_sitenote_active":false,"_monsterinsights_sitenote_note":"","_monsterinsights_sitenote_category":0,"footnotes":""},"class_list":["post-77","page","type-page","status-publish","hentry"],"aioseo_notices":[],"_links":{"self":[{"href":"https:\/\/www.eurequia.com\/index.php\/wp-json\/wp\/v2\/pages\/77","targetHints":{"allow":["GET"]}}],"collection":[{"href":"https:\/\/www.eurequia.com\/index.php\/wp-json\/wp\/v2\/pages"}],"about":[{"href":"https:\/\/www.eurequia.com\/index.php\/wp-json\/wp\/v2\/types\/page"}],"author":[{"embeddable":true,"href":"https:\/\/www.eurequia.com\/index.php\/wp-json\/wp\/v2\/users\/1"}],"replies":[{"embeddable":true,"href":"https:\/\/www.eurequia.com\/index.php\/wp-json\/wp\/v2\/comments?post=77"}],"version-history":[{"count":9,"href":"https:\/\/www.eurequia.com\/index.php\/wp-json\/wp\/v2\/pages\/77\/revisions"}],"predecessor-version":[{"id":88,"href":"https:\/\/www.eurequia.com\/index.php\/wp-json\/wp\/v2\/pages\/77\/revisions\/88"}],"wp:attachment":[{"href":"https:\/\/www.eurequia.com\/index.php\/wp-json\/wp\/v2\/media?parent=77"}],"curies":[{"name":"wp","href":"https:\/\/api.w.org\/{rel}","templated":true}]}}