{"id":93,"date":"2024-03-22T09:47:26","date_gmt":"2024-03-22T09:47:26","guid":{"rendered":"https:\/\/www.eurequia.com\/?page_id=93"},"modified":"2024-03-25T15:55:12","modified_gmt":"2024-03-25T15:55:12","slug":"aviso-legal","status":"publish","type":"page","link":"https:\/\/www.eurequia.com\/index.php\/aviso-legal\/","title":{"rendered":"Aviso legal"},"content":{"rendered":"\n<p>Este sitio web da cumplimiento con el deber de informaci\u00f3n recogido en art\u00edculo 10 de la Ley 34\/2002, de 11 de julio, de Servicios de la Sociedad de la Informaci\u00f3n y del Comercio Electr\u00f3nico, a continuaci\u00f3n se hace constar:<\/p>\n\n\n\n<h4 class=\"wp-block-heading\">1.1. Datos identificativos del responsable<\/h4>\n\n\n\n<p>Tal y como recoge la Ley 34\/2002, de 11 de julio, de servicios de la sociedad de la informaci\u00f3n y de comercio electr\u00f3nico, se informa de:<\/p>\n\n\n\n<p>Denominaci\u00f3n social<strong>: <\/strong>Cuello de Jirafa S.L<br>CIF: B86577723<\/p>\n\n\n\n<p>Nombre comercial: Designthinkingespa\u00f1a.com<br>Domicilio social: Calle Ciudad Real n\u00ba 8, Madrid.<br>Email: info@designthinkingespa\u00f1a.com<br>Actividad social: Marketing Digital y generaci\u00f3n de contenidos de todo tipo. Formaciones de todo tipo.<\/p>\n\n\n\n<h4 class=\"wp-block-heading\">1.2. Finalidad de la p\u00e1gina web.<\/h4>\n\n\n\n<p>Los servicios prestados por el responsable de la p\u00e1gina web son los siguientes:<\/p>\n\n\n\n<p><strong>Cuello de Jirafa S.L&nbsp; <\/strong>proporciona informaci\u00f3n sobre creatividad e innovaci\u00f3n y sobre el libro \u00abE\u00fcrequia, la ciudad de las ideas\u00bb y su autor en esta p\u00e1gina. As\u00ed como contenido informativo a trav\u00e9s de sus otras p\u00e1ginas y blog. Del mismo modo, gestiona su lista de suscriptores y organiza eventos en torno al Design Thinking.<\/p>\n\n\n\n<h4 class=\"wp-block-heading\">1.3. Usuarios:<\/h4>\n\n\n\n<p>El acceso y\/o uso de este sitio web atribuye la condici\u00f3n de USUARIO, que acepta, desde dicho acceso y\/o uso, los presentes t\u00e9rminos de uso, no obstante, por el mero uso de la p\u00e1gina web no significa el inicio de relaci\u00f3n laboral\/comercial alguna.<\/p>\n\n\n\n<h4 class=\"wp-block-heading\">1.4. Uso del sitio web y captura de informaci\u00f3n:<\/h4>\n\n\n\n<p>1.4.1 USO DEL SITIO WEB<\/p>\n\n\n\n<p>La p\u00e1gina web eurequia.com en adelante (LA WEB) proporciona el acceso a art\u00edculos, informaciones, servicios y datos (en adelante, \u201clos contenidos\u201d) propiedad de <strong>Cuello de Jirafa<\/strong>, El USUARIO asume la responsabilidad del uso de la web.<\/p>\n\n\n\n<p>El USUARIO se compromete a hacer un uso adecuado de los contenidos que ofrece a trav\u00e9s de su web y con car\u00e1cter enunciativo pero no limitativo, a no emplearlos para:<\/p>\n\n\n\n<p>(a) incurrir en actividades il\u00edcitas, ilegales o contrarias a la buena fe y al orden p\u00fablico;<br>(b) difundir contenidos o propaganda de car\u00e1cter racista, xen\u00f3fobo, pornogr\u00e1fico-ilegal, de apolog\u00eda del terrorismo o atentatorio contra los derechos humanos;<br>(c) provocar da\u00f1os en los sistemas f\u00edsicos y l\u00f3gicos de http:\/\/designthinkingespa\u00f1a.com\/, de sus proveedores o de terceras personas, introducir o difundir en la red virus inform\u00e1ticos o cualesquiera otros sistemas f\u00edsicos o l\u00f3gicos que sean susceptibles de provocar los da\u00f1os anteriormente mencionados;<br>(d) intentar acceder y, en su caso, utilizar las cuentas de correo electr\u00f3nico de otros usuarios y modificar o manipular sus mensajes.<\/p>\n\n\n\n<p><strong>Cuello de Jirafa S.L<\/strong> se reserva el derecho de retirar todos aquellos comentarios y aportaciones que vulneren el respeto a la dignidad de la persona, que sean discriminatorios, xen\u00f3fobos, racistas, pornogr\u00e1ficos, que atenten contra la juventud o la infancia, el orden o la seguridad p\u00fablica o que, a su juicio, no resultaran adecuados para su publicaci\u00f3n.<\/p>\n\n\n\n<p>En cualquier caso, <strong>Cuello de Jirafa S.L<\/strong> no ser\u00e1 responsable de las opiniones vertidas por los usuarios a trav\u00e9s del blog u otras herramientas de participaci\u00f3n que puedan crearse, conforme a lo previsto en la normativa de aplicaci\u00f3n.<\/p>\n\n\n\n<h5 class=\"wp-block-heading\">1.4.2 Captura de informaci\u00f3n<\/h5>\n\n\n\n<ul class=\"wp-block-list\">\n<li>Formulario de contacto, donde el usuario rellena su nombre.<\/li>\n\n\n\n<li>El usuario encontrar\u00e1 en distintas p\u00e1ginas de la web la direcci\u00f3n de correo electr\u00f3nico hola@eurequia.com. Si decide enviar un mail a este correo, se registra su direcci\u00f3n de correo electr\u00f3nico. Y en algunos casos tambi\u00e9n su nombre y apellidos.<\/li>\n\n\n\n<li>Cookies de rastreo, conforme a las reglas recogidas en la Pol\u00edtica de Cookies.<\/li>\n\n\n\n<li>Navegaci\u00f3n y Direcci\u00f3n IP: Al navegar por esta web, el usuario facilita de forma autom\u00e1tica al servidor de la web informaci\u00f3n relativa a tu direcci\u00f3n IP, fecha y hora de acceso, el hiperv\u00ednculo que le ha reenviado a \u00e9stas, tu sistema operativo y el navegador utilizado.<\/li>\n<\/ul>\n\n\n\n<p>A pesar de lo anterior, los usuarios podr\u00e1n darse de baja en cualquier momento de los servicios prestados por <strong>Cuello de Jirafa S.L <\/strong>o datos aportados por el USUARIO dando cumplimiento a la normativa vigente sobre Protecci\u00f3n de Datos. Asimismo, tanto al suscribirse a esta p\u00e1gina web como al realizar alg\u00fan comentario en cualquiera de sus p\u00e1ginas y\/o entradas, el usuario consiente:<\/p>\n\n\n\n<p>El tratamiento de sus datos personales en el entorno de WordPress conforme a sus pol\u00edticas de privacidad.<\/p>\n\n\n\n<p>El acceso de <strong>Cuello de Jirafa S.L<\/strong> a los datos que, de acuerdo con la infraestructura de WordPress, necesite el usuario para cualquier consulta mediante el formulario de contacto.<\/p>\n\n\n\n<p>Asimismo, informamos que la informaci\u00f3n de nuestros usuarios est\u00e1 protegida de acuerdo a nuestra Pol\u00edtica de privacidad.<\/p>\n\n\n\n<p>Al activar una suscripci\u00f3n, formulario de contacto o comentario, el usuario comprende y acepta que <strong>Cuello de Jirafa S.L<\/strong> tiene acceso a nombre, apellidos e y email, conformando un fichero con el nombre de \u201cUSUARIOS DE LA WEB Y SUSCRIPTORES\u201d o en el caso de realizar alguna compra, ser\u00e1 suscrito al fichero de \u201cCLIENTES Y\/O PROVEEDORES\u201d teniendo acceso a datos de nombre, apellidos, email, dni y domicilio completo.<\/p>\n\n\n\n<p>En todo caso <strong>Cuello de Jirafa S.L.<\/strong>&nbsp;se reserva el derecho de modificar, en cualquier momento y sin necesidad de previo aviso, la presentaci\u00f3n y configuraci\u00f3n de la web eurequia.com como el presente aviso legal.<\/p>\n\n\n\n<h3 class=\"wp-block-heading\">2. PROPIEDAD INTELECTUAL E INDUSTRIAL:<\/h3>\n\n\n\n<p><strong>Cuello de Jirafa S.L<\/strong> es titular de todos los derechos de propiedad intelectual e industrial de su p\u00e1gina web, as\u00ed como de los elementos contenidos en la misma (a t\u00edtulo enunciativo, im\u00e1genes, sonido, audio, v\u00eddeo, software o textos; marcas o logotipos, combinaciones de colores, estructura y dise\u00f1o, selecci\u00f3n de materiales usados, programas de ordenador necesarios para su funcionamiento, acceso y uso, etc.), titularidad de <strong>Cuello de Jirafa S.L <\/strong>o bien de sus licenciantes. Todos los derechos reservados.<\/p>\n\n\n\n<p>Cualquier uso no autorizado previamente por <strong>Cuello de Jirafa S.L<\/strong>, ser\u00e1 considerado un incumplimiento grave de los derechos de propiedad intelectual o industrial del autor.<\/p>\n\n\n\n<p>Quedan expresamente prohibidas la reproducci\u00f3n, la distribuci\u00f3n y la comunicaci\u00f3n p\u00fablica, incluida su modalidad de puesta a disposici\u00f3n, de la totalidad o parte de los contenidos de esta p\u00e1gina web, con fines comerciales, en cualquier soporte y por cualquier medio t\u00e9cnico, sin la autorizaci\u00f3n de <strong>Cuello de Jirafa S.L<br><\/strong><\/p>\n\n\n\n<p>El USUARIO se compromete a respetar los derechos de Propiedad Intelectual e Industrial titularidad de <strong>Cuello de Jirafa S.L<\/strong> Podr\u00e1 visualizar \u00fanicamente los elementos de la web sin posibilidad de imprimirlos, copiarlos o almacenarlos en el disco duro de su ordenador o en cualquier otro soporte f\u00edsico. El USUARIO deber\u00e1 abstenerse de suprimir, alterar, eludir o manipular cualquier dispositivo de protecci\u00f3n o sistema de seguridad que estuviera instalado en las p\u00e1ginas de <strong>Cuello de Jirafa S.L.<\/strong><\/p>\n\n\n\n<h3 class=\"wp-block-heading\">3. EXCLUSI\u00d3N DE GARANT\u00cdAS Y RESPONSABILIDAD<\/h3>\n\n\n\n<p><strong>Cuello de Jirafa S.L<\/strong> no se hace responsable, en ning\u00fan caso, de los da\u00f1os y perjuicios de cualquier naturaleza que pudieran ocasionar, a t\u00edtulo enunciativo: por errores u omisiones en los contenidos, por falta de disponibilidad del sitio web, \u2013 el cual realizar\u00e1 paradas peri\u00f3dicas por mantenimientos t\u00e9cnicos \u2013 as\u00ed como por la transmisi\u00f3n de virus o programas maliciosos o lesivos en los contenidos, a pesar de haber adoptado todas las medidas tecnol\u00f3gicas necesarias para evitarlo.<\/p>\n\n\n\n<h3 class=\"wp-block-heading\">4. MODIFICACIONES<\/h3>\n\n\n\n<p><strong>Cuello de Jirafa S.L <\/strong>se reserva el derecho de efectuar sin previo aviso las modificaciones que considere oportunas en su web, pudiendo cambiar, suprimir o a\u00f1adir tanto los contenidos y servicios que se presten a trav\u00e9s de la misma como la forma en la que \u00e9stos aparezcan presentados o localizados en su web.<\/p>\n\n\n\n<h3 class=\"wp-block-heading\">5. POL\u00cdTICA DE ENLACES<\/h3>\n\n\n\n<p>Las personas o entidades que pretendan realizar o realicen un hiperenlace desde una p\u00e1gina web de otro portal de Internet a la web de<strong> Cuello de Jirafa S.L<\/strong>, deber\u00e1 someterse las siguientes condiciones:<\/p>\n\n\n\n<ul class=\"wp-block-list\">\n<li>No se permite la reproducci\u00f3n total o parcial de ninguno de los servicios ni contenidos del sitio web sin la previa autorizaci\u00f3n expresa de <strong>Cuello de Jirafa S.L.<\/strong><\/li>\n\n\n\n<li>No se establecer\u00e1n deep-links ni enlaces IMG o de imagen, ni frames con la web de <strong>eurequia.com<\/strong> sin su previa autorizaci\u00f3n expresa.<\/li>\n\n\n\n<li>No se establecer\u00e1 ninguna manifestaci\u00f3n falsa, inexacta o incorrecta sobre la web de <strong>eurequia.com<\/strong>, ni sobre los servicios o contenidos de la misma. Salvo aquellos signos que formen parte del hiperv\u00ednculo, la p\u00e1gina web en la que se establezca no contendr\u00e1 ninguna marca, nombre comercial, r\u00f3tulo de establecimiento, denominaci\u00f3n, logotipo, eslogan u otros signos distintivos pertenecientes a <strong>Cuello de Jirafa S.L<\/strong>, salvo autorizaci\u00f3n expresa de \u00e9ste.<\/li>\n\n\n\n<li>El establecimiento del hiperv\u00ednculo no implicar\u00e1 necesariamente la existencia de relaciones entre <strong>Cuello de Jirafa S.L<\/strong> y el titular de la p\u00e1gina web o del portal desde el cual se realice, ni el conocimiento y aceptaci\u00f3n de <strong>Cuello de Jirafa S.L <\/strong>de los servicios y contenidos ofrecidos en dicha p\u00e1gina web o portal.<\/li>\n\n\n\n<li><strong>Cuello de Jirafa S.L<\/strong> no ser\u00e1 responsable neces de los contenidos o servicios puestos a disposici\u00f3n del p\u00fablico en la p\u00e1gina web o portal desde el cual se realice el hiperv\u00ednculo, ni de las informaciones y manifestaciones incluidas en los mismos. A menos que sea de su propiedad. El sitio web de <strong>eurequia.com<\/strong> puede poner a disposici\u00f3n del usuario conexiones y enlaces a otros sitios web gestionados y controlados por terceros. Dichos enlaces tienen como exclusiva funci\u00f3n, la de facilitar a los usuarios la b\u00fasqueda de informaci\u00f3n, contenidos y servicios en Internet, sin que necesariamente deba considerarse una sugerencia, recomendaci\u00f3n o invitaci\u00f3n para la visita de los mismos.<br><strong>Cuello de Jirafa S.L <\/strong>no comercializa, ni dirige, ni controla previamente, ni hace propios los contenidos, servicios, informaciones y manifestaciones disponibles en dichos sitios web, excepto los correspondientes al dominio www.designthinkingespa\u00f1a.com<br><strong>Cuello de Jirafa S.L <\/strong>no asume ning\u00fan tipo de responsabilidad, ni siquiera de forma indirecta o subsidiaria, por los da\u00f1os y perjuicios de toda clase que pudieran derivarse del acceso, mantenimiento, uso, calidad, licitud, fiabilidad y utilidad de los contenidos, informaciones, comunicaciones, opiniones, manifestaciones, productos y servicios existentes u ofrecidos en los sitios web no gestionados por <strong>Cuello de Jirafa S.L<\/strong> y que resulten accesibles a trav\u00e9s de <strong>eurequia.com<br><\/strong><\/li>\n<\/ul>\n\n\n\n<h3 class=\"wp-block-heading\">6. DERECHO DE EXCLUSI\u00d3N<\/h3>\n\n\n\n<p><strong>Cuello de Jirafa S.L <\/strong>se reserva el derecho a denegar o retirar el acceso al portal y\/o los servicios ofrecidos sin necesidad de preaviso, a instancia propia o de un tercero, a aquellos usuarios que incumplan las presentes Condiciones Generales de Uso.<\/p>\n\n\n\n<h3 class=\"wp-block-heading\">7. GENERALIDADES<\/h3>\n\n\n\n<p><strong>Cuello de Jirafa S.L <\/strong>perseguir\u00e1 el incumplimiento de las presentes condiciones as\u00ed como cualquier utilizaci\u00f3n indebida de su web ejerciendo todas las acciones civiles y penales que le puedan corresponder en derecho.<\/p>\n\n\n\n<h3 class=\"wp-block-heading\">8. MODIFICACI\u00d3N DE LAS PRESENTES CONDICIONES Y DURACI\u00d3N<\/h3>\n\n\n\n<p><strong>Cuello de Jirafa S.L <\/strong>podr\u00e1 modificar en cualquier momento las condiciones aqu\u00ed determinadas, siendo debidamente publicadas como aqu\u00ed aparecen. La vigencia de las citadas condiciones ir\u00e1 en funci\u00f3n de su exposici\u00f3n y estar\u00e1n vigentes hasta que sean modificadas por otras debidamente publicadas.<\/p>\n\n\n\n<h3 class=\"wp-block-heading\">9. LEGISLACI\u00d3N APLICABLE Y JURISDICCI\u00d3N<\/h3>\n\n\n\n<p>La relaci\u00f3n entre <strong>Cuello de Jirafa S.L<\/strong> y el USUARIO se regir\u00e1 por la normativa espa\u00f1ola vigente y cualquier controversia se someter\u00e1 a los Juzgados y tribunales de la ciudad de Madrid, salvo que la Ley aplicable disponga otra cosa.<\/p>\n","protected":false},"excerpt":{"rendered":"<p>Este sitio web da cumplimiento con el deber de informaci\u00f3n recogido en art\u00edculo 10 de la Ley 34\/2002, de 11 de julio, de Servicios de la Sociedad de la Informaci\u00f3n y del Comercio Electr\u00f3nico, a continuaci\u00f3n se hace constar: 1.1. Datos identificativos del responsable Tal &hellip; <\/p>\n","protected":false},"author":1,"featured_media":0,"parent":0,"menu_order":0,"comment_status":"closed","ping_status":"closed","template":"","meta":{"om_disable_all_campaigns":false,"_monsterinsights_skip_tracking":false,"_monsterinsights_sitenote_active":false,"_monsterinsights_sitenote_note":"","_monsterinsights_sitenote_category":0,"footnotes":""},"class_list":["post-93","page","type-page","status-publish","hentry"],"aioseo_notices":[],"_links":{"self":[{"href":"https:\/\/www.eurequia.com\/index.php\/wp-json\/wp\/v2\/pages\/93","targetHints":{"allow":["GET"]}}],"collection":[{"href":"https:\/\/www.eurequia.com\/index.php\/wp-json\/wp\/v2\/pages"}],"about":[{"href":"https:\/\/www.eurequia.com\/index.php\/wp-json\/wp\/v2\/types\/page"}],"author":[{"embeddable":true,"href":"https:\/\/www.eurequia.com\/index.php\/wp-json\/wp\/v2\/users\/1"}],"replies":[{"embeddable":true,"href":"https:\/\/www.eurequia.com\/index.php\/wp-json\/wp\/v2\/comments?post=93"}],"version-history":[{"count":2,"href":"https:\/\/www.eurequia.com\/index.php\/wp-json\/wp\/v2\/pages\/93\/revisions"}],"predecessor-version":[{"id":95,"href":"https:\/\/www.eurequia.com\/index.php\/wp-json\/wp\/v2\/pages\/93\/revisions\/95"}],"wp:attachment":[{"href":"https:\/\/www.eurequia.com\/index.php\/wp-json\/wp\/v2\/media?parent=93"}],"curies":[{"name":"wp","href":"https:\/\/api.w.org\/{rel}","templated":true}]}}